{"id":509,"date":"2015-11-03T04:33:03","date_gmt":"2015-11-03T04:33:03","guid":{"rendered":"http:\/\/localhost\/foobla\/labo\/?page_id=2"},"modified":"2025-08-30T18:25:17","modified_gmt":"2025-08-30T16:25:17","slug":"home","status":"publish","type":"page","link":"http:\/\/www.lareservedesconvives.fr\/","title":{"rendered":"Accueil"},"content":{"rendered":"<div id=\"pl-509\"  class=\"panel-layout\" ><div id=\"pg-509-0\"  class=\"panel-grid panel-no-style\" ><div id=\"pgc-509-0-0\"  class=\"panel-grid-cell\" ><div id=\"panel-509-0-0-0\" class=\"so-panel widget widget_text panel-first-child panel-last-child\" data-index=\"0\" >\t\t\t<div class=\"textwidget\">\n\t\t\t<!-- START Home 3 Slider 1 REVOLUTION SLIDER 6.5.8 --><p class=\"rs-p-wp-fix\"><\/p>\n\t\t\t<rs-module-wrap id=\"rev_slider_2_1_wrapper\" data-source=\"gallery\" style=\"visibility:hidden;background:transparent;padding:0;margin:0px auto;margin-top:0;margin-bottom:0;max-width:;\">\n\t\t\t\t<rs-module id=\"rev_slider_2_1\" style=\"\" data-version=\"6.5.8\">\n\t\t\t\t\t<rs-slides>\n\t\t\t\t\t\t<rs-slide style=\"position: absolute;\" data-key=\"rs-4\" data-title=\"Slide\" data-thumb=\"\/\/fmgcbxg.cluster031.hosting.ovh.net\/wp-content\/uploads\/2021\/12\/20210530-112521-scaled.jpg\" data-in=\"o:0;\" data-out=\"a:false;\">\n\t\t\t\t\t\t\t<img src=\"\/\/www.lareservedesconvives.fr\/wp-content\/plugins\/revslider\/public\/assets\/assets\/dummy.png\" alt=\"La Reserve des Convives\" title=\"20210530-112521\" width=\"1440\" height=\"2560\" class=\"rev-slidebg tp-rs-img rs-lazyload\" data-lazyload=\"\/\/fmgcbxg.cluster031.hosting.ovh.net\/wp-content\/uploads\/2021\/12\/20210530-112521-scaled.jpg\" data-panzoom=\"d:10000;ss:110;se:100;\" data-no-retina>\n<!--\n\t\t\t\t\t\t\t--><rs-layer\n\t\t\t\t\t\t\t\tid=\"slider-2-slide-4-layer-1\" \n\t\t\t\t\t\t\t\tclass=\"thim-heading-home\"\n\t\t\t\t\t\t\t\tdata-type=\"text\"\n\t\t\t\t\t\t\t\tdata-color=\"rgba(255,255,255,1)\"\n\t\t\t\t\t\t\t\tdata-rsp_ch=\"on\"\n\t\t\t\t\t\t\t\tdata-xy=\"x:c;y:m;yo:0,0,-43px,-32px;\"\n\t\t\t\t\t\t\t\tdata-text=\"w:normal,normal,nowrap,normal;s:68,68,72,35;l:72,72,72,40;fw:700;a:center;\"\n\t\t\t\t\t\t\t\tdata-dim=\"w:852px,852px,auto,408px;\"\n\t\t\t\t\t\t\t\tdata-basealign=\"slide\"\n\t\t\t\t\t\t\t\tdata-frame_0=\"y:-100%;o:1;\"\n\t\t\t\t\t\t\t\tdata-frame_0_mask=\"u:t;\"\n\t\t\t\t\t\t\t\tdata-frame_1=\"st:270;sp:1430;\"\n\t\t\t\t\t\t\t\tdata-frame_1_mask=\"u:t;\"\n\t\t\t\t\t\t\t\tdata-frame_999=\"y:100%;sX:0.7;sY:0.7;rZ:0deg;st:w;sp:780;\"\n\t\t\t\t\t\t\t\tdata-frame_999_mask=\"u:t;\"\n\t\t\t\t\t\t\t\tstyle=\"z-index:5;font-family:'Cardo';text-transform:uppercase;\"\n\t\t\t\t\t\t\t>La R\u00e9serve des Convives \n\t\t\t\t\t\t\t<\/rs-layer><!--\n\n\t\t\t\t\t\t\t--><rs-layer\n\t\t\t\t\t\t\t\tid=\"slider-2-slide-4-layer-3\" \n\t\t\t\t\t\t\t\tclass=\"thim-heading-small\"\n\t\t\t\t\t\t\t\tdata-type=\"text\"\n\t\t\t\t\t\t\t\tdata-color=\"rgba(255,255,255,1)\"\n\t\t\t\t\t\t\t\tdata-rsp_ch=\"on\"\n\t\t\t\t\t\t\t\tdata-xy=\"x:c;xo:1px,1px,1px,0;y:m;yo:92px,92px,6px,9px;\"\n\t\t\t\t\t\t\t\tdata-text=\"w:normal,normal,nowrap,normal;s:30,30,30,25;l:100,100,100,30;a:center;\"\n\t\t\t\t\t\t\t\tdata-dim=\"w:439px,439px,auto,437px;h:101px,101px,auto,auto;\"\n\t\t\t\t\t\t\t\tdata-basealign=\"slide\"\n\t\t\t\t\t\t\t\tdata-frame_0=\"sX:0.9;sY:0.9;\"\n\t\t\t\t\t\t\t\tdata-frame_1=\"e:power2.out;st:400;sp:1610;\"\n\t\t\t\t\t\t\t\tdata-frame_999=\"sX:0.7;sY:0.7;o:0;rZ:0deg;e:back.in;st:w;sp:840;\"\n\t\t\t\t\t\t\t\tdata-frame_999_mask=\"u:t;\"\n\t\t\t\t\t\t\t\tstyle=\"z-index:6;font-family:'Josefin Sans';\"\n\t\t\t\t\t\t\t>Un lieu de convivialit\u00e9 unique \n\t\t\t\t\t\t\t<\/rs-layer><!--\n-->\t\t\t\t\t\t<\/rs-slide>\n\t\t\t\t\t\t<rs-slide style=\"position: absolute;\" data-key=\"rs-5\" data-title=\"Slide\" data-thumb=\"\/\/fmgcbxg.cluster031.hosting.ovh.net\/wp-content\/uploads\/2021\/12\/20201003_201532-scaled.jpg\" data-in=\"o:0;\" data-out=\"a:false;\">\n\t\t\t\t\t\t\t<img src=\"\/\/www.lareservedesconvives.fr\/wp-content\/plugins\/revslider\/public\/assets\/assets\/dummy.png\" title=\"20201003_201532\" width=\"1440\" height=\"2560\" class=\"rev-slidebg tp-rs-img rs-lazyload\" data-lazyload=\"\/\/fmgcbxg.cluster031.hosting.ovh.net\/wp-content\/uploads\/2021\/12\/20201003_201532-scaled.jpg\" data-panzoom=\"d:10000;ss:100;se:110;\" data-no-retina>\n<!--\n\t\t\t\t\t\t\t--><rs-layer\n\t\t\t\t\t\t\t\tid=\"slider-2-slide-5-layer-1\" \n\t\t\t\t\t\t\t\tclass=\"thim-heading-home\"\n\t\t\t\t\t\t\t\tdata-type=\"text\"\n\t\t\t\t\t\t\t\tdata-color=\"rgba(255,255,255,1)\"\n\t\t\t\t\t\t\t\tdata-rsp_ch=\"on\"\n\t\t\t\t\t\t\t\tdata-xy=\"x:c;y:m;yo:0,0,-43px,-32px;\"\n\t\t\t\t\t\t\t\tdata-text=\"w:normal,normal,nowrap,normal;s:68,68,72,35;l:72,72,72,40;fw:700;a:center;\"\n\t\t\t\t\t\t\t\tdata-dim=\"w:725px,725px,auto,408px;\"\n\t\t\t\t\t\t\t\tdata-basealign=\"slide\"\n\t\t\t\t\t\t\t\tdata-frame_0=\"sX:0.9;sY:0.9;\"\n\t\t\t\t\t\t\t\tdata-frame_1=\"e:power2.out;st:520;sp:1760;\"\n\t\t\t\t\t\t\t\tdata-frame_999=\"y:175%;e:power2.inOut;st:w;sp:760;\"\n\t\t\t\t\t\t\t\tdata-frame_999_mask=\"u:t;\"\n\t\t\t\t\t\t\t\tstyle=\"z-index:5;font-family:'Cardo';text-transform:uppercase;\"\n\t\t\t\t\t\t\t>Une cuisine maison \n\t\t\t\t\t\t\t<\/rs-layer><!--\n\n\t\t\t\t\t\t\t--><rs-layer\n\t\t\t\t\t\t\t\tid=\"slider-2-slide-5-layer-3\" \n\t\t\t\t\t\t\t\tclass=\"thim-heading-small\"\n\t\t\t\t\t\t\t\tdata-type=\"text\"\n\t\t\t\t\t\t\t\tdata-color=\"rgba(255,255,255,1)\"\n\t\t\t\t\t\t\t\tdata-rsp_ch=\"on\"\n\t\t\t\t\t\t\t\tdata-xy=\"x:c;xo:0,0,1px,0;y:m;yo:84px,84px,6px,9px;\"\n\t\t\t\t\t\t\t\tdata-text=\"w:normal,normal,nowrap,normal;s:30,30,30,25;l:100,100,100,30;a:center;\"\n\t\t\t\t\t\t\t\tdata-dim=\"w:441px,441px,auto,437px;\"\n\t\t\t\t\t\t\t\tdata-basealign=\"slide\"\n\t\t\t\t\t\t\t\tdata-frame_0=\"y:50px;\"\n\t\t\t\t\t\t\t\tdata-frame_1=\"e:power4.inOut;st:640;sp:1530;\"\n\t\t\t\t\t\t\t\tdata-frame_999=\"y:175%;e:power2.inOut;st:w;sp:780;\"\n\t\t\t\t\t\t\t\tdata-frame_999_mask=\"u:t;\"\n\t\t\t\t\t\t\t\tstyle=\"z-index:6;font-family:'Josefin Sans';\"\n\t\t\t\t\t\t\t>faite de produits ultra frais \n\t\t\t\t\t\t\t<\/rs-layer><!--\n-->\t\t\t\t\t\t<\/rs-slide>\n\t\t\t\t\t\t<rs-slide style=\"position: absolute;\" data-key=\"rs-6\" data-title=\"Slide\" data-thumb=\"\/\/fmgcbxg.cluster031.hosting.ovh.net\/wp-content\/uploads\/2021\/12\/cave-a-vin.jpeg\" data-in=\"o:0;\" data-out=\"a:false;\">\n\t\t\t\t\t\t\t<img src=\"\/\/www.lareservedesconvives.fr\/wp-content\/plugins\/revslider\/public\/assets\/assets\/dummy.png\" title=\"cave-a-vin\" width=\"914\" height=\"588\" class=\"rev-slidebg tp-rs-img rs-lazyload\" data-lazyload=\"\/\/fmgcbxg.cluster031.hosting.ovh.net\/wp-content\/uploads\/2021\/12\/cave-a-vin.jpeg\" data-panzoom=\"d:10000;ss:110;se:100;\" data-no-retina>\n<!--\n\t\t\t\t\t\t\t--><rs-layer\n\t\t\t\t\t\t\t\tid=\"slider-2-slide-6-layer-1\" \n\t\t\t\t\t\t\t\tclass=\"thim-heading-home\"\n\t\t\t\t\t\t\t\tdata-type=\"text\"\n\t\t\t\t\t\t\t\tdata-color=\"rgba(255,255,255,1)\"\n\t\t\t\t\t\t\t\tdata-rsp_ch=\"on\"\n\t\t\t\t\t\t\t\tdata-xy=\"x:c;xo:1px,1px,0,0;y:m;yo:-1px,-1px,-43px,-32px;\"\n\t\t\t\t\t\t\t\tdata-text=\"w:normal,normal,nowrap,normal;s:68,68,72,35;l:72,72,72,40;fw:700;a:center;\"\n\t\t\t\t\t\t\t\tdata-dim=\"w:725px,725px,auto,408px;\"\n\t\t\t\t\t\t\t\tdata-basealign=\"slide\"\n\t\t\t\t\t\t\t\tdata-frame_0=\"x:-50px;\"\n\t\t\t\t\t\t\t\tdata-frame_1=\"e:power3.out;st:710;sp:1720;\"\n\t\t\t\t\t\t\t\tdata-frame_999=\"x:50px;o:0;e:back.in;st:w;sp:760;\"\n\t\t\t\t\t\t\t\tstyle=\"z-index:5;font-family:'Cardo';text-transform:uppercase;\"\n\t\t\t\t\t\t\t>Une s\u00e9lection de vins \n\t\t\t\t\t\t\t<\/rs-layer><!--\n\n\t\t\t\t\t\t\t--><rs-layer\n\t\t\t\t\t\t\t\tid=\"slider-2-slide-6-layer-3\" \n\t\t\t\t\t\t\t\tclass=\"thim-heading-small\"\n\t\t\t\t\t\t\t\tdata-type=\"text\"\n\t\t\t\t\t\t\t\tdata-color=\"rgba(255,255,255,1)\"\n\t\t\t\t\t\t\t\tdata-rsp_ch=\"on\"\n\t\t\t\t\t\t\t\tdata-xy=\"x:c;xo:1px,1px,1px,0;y:m;yo:131px,131px,6px,9px;\"\n\t\t\t\t\t\t\t\tdata-text=\"w:normal,normal,nowrap,normal;s:30,30,30,25;l:100,100,100,30;a:center;\"\n\t\t\t\t\t\t\t\tdata-dim=\"w:513px,513px,auto,437px;h:200px,200px,auto,auto;\"\n\t\t\t\t\t\t\t\tdata-basealign=\"slide\"\n\t\t\t\t\t\t\t\tdata-frame_0=\"x:50px;\"\n\t\t\t\t\t\t\t\tdata-frame_1=\"e:power2.inOut;st:940;sp:1540;\"\n\t\t\t\t\t\t\t\tdata-frame_999=\"x:-50px;o:0;e:nothing;st:w;sp:830;\"\n\t\t\t\t\t\t\t\tstyle=\"z-index:6;font-family:'Josefin Sans';\"\n\t\t\t\t\t\t\t>qui promet de belles surprises \n\t\t\t\t\t\t\t<\/rs-layer><!--\n-->\t\t\t\t\t\t<\/rs-slide>\n\t\t\t\t\t<\/rs-slides>\n\t\t\t\t<\/rs-module>\n\t\t\t\t<script type=\"text\/javascript\">\n\t\t\t\t\tsetREVStartSize({c: 'rev_slider_2_1',rl:[1240,1024,778,480],el:[760,760,760,320],gw:[1920,1240,768,480],gh:[760,760,760,320],type:'standard',justify:'',layout:'fullwidth',mh:\"0\"});if (window.RS_MODULES!==undefined && window.RS_MODULES.modules!==undefined && window.RS_MODULES.modules[\"revslider21\"]!==undefined) {window.RS_MODULES.modules[\"revslider21\"].once = false;window.revapi2 = undefined;if (window.RS_MODULES.checkMinimal!==undefined) window.RS_MODULES.checkMinimal()}\n\t\t\t\t<\/script>\n\t\t\t<\/rs-module-wrap>\n\t\t\t<!-- END REVOLUTION SLIDER -->\n\n<\/div>\n\t\t<\/div><\/div><\/div><div id=\"pg-509-1\"  class=\"panel-grid panel-no-style\" ><div id=\"pgc-509-1-0\"  class=\"panel-grid-cell\" ><div id=\"panel-509-1-0-0\" class=\"so-panel widget widget_list-info panel-first-child panel-last-child\" data-index=\"1\" ><div class=\"panel-widget-style panel-widget-style-for-509-1-0-0\" ><div class=\"thim-widget-list-info thim-widget-list-info-base\"><div class=\"thim-list-info\">\n\t<ul class=\"list-info\">\n\t\t<li class=\"info thim-title-color\">TELEPHONE. <a href=\"tel:02 40 79 86 84\">02 40 79 86 84<\/a><\/li><li class=\"info thim-title-color\">12 L'ONGLE, 44530 GUENROUET<\/li><li class=\"info thim-title-color\"><ul> <li><a href=\"http:\/\/www.facebook.com\/lareservedesconvives\" target=\"_blank\"><i class=\"fa fa-facebook\"><\/i><\/a><\/li><\/ul><\/li>\t<\/ul>\n<\/div>\n<\/div><\/div><\/div><\/div><\/div><div id=\"pg-509-2\"  class=\"panel-grid panel-has-style\" ><div class=\"panel-row-style panel-row-style-for-509-2\" ><div id=\"pgc-509-2-0\"  class=\"panel-grid-cell\" ><div id=\"panel-509-2-0-0\" class=\"so-panel widget widget_text-box panel-first-child panel-last-child\" data-index=\"2\" ><div class=\"thim-widget-text-box thim-widget-text-box-base\"><div class=\"thim-text-box \">\n\t<div class=\"row images\">\n\t\t<div class=\"col-sm-6\">\n\t\t\t<div class=\"media\" style=\"background-image: url(&#039;http:\/\/www.lareservedesconvives.fr\/wp-content\/uploads\/2021\/12\/LaReserve-Int2-scaled.jpg&#039;)\"><\/div>\n\t\t<\/div>\n\t\t<div class=\"col-sm-6\">\n\t\t\t<div class=\"media\" style=\"background-image: url(&#039;http:\/\/www.lareservedesconvives.fr\/wp-content\/uploads\/2021\/12\/LaReserve-Int1-scaled.jpg&#039;)\"><\/div>\n\t\t<\/div>\n\t<\/div>\n\t<div class=\"content-box\">\n\t\t<div class=\"row\">\n\t\t\t<div class=\"col-sm-12\">\n\t\t\t\t<div class=\"content-inner\">\n\t\t\t\t\t<div class=\"title-wrapper\">\n\t\t\t\t\t\t<h3 class=\"title\">Bienvenue<\/h3>\n\t\t\t\t\t\t<hr class=\"small\">\n\t\t\t\t\t<\/div>\n\t\t\t\t\t<div class=\"content-text\">Situ\u00e9 entre Nantes, La Baule &amp; Vannes, nous vous accueillons, dans un lieu calme &amp; cosy, \u00e0 d\u00e9couvrir un moment gourmand issu de produits du terroir et de la mer.\n\nCalqu\u00e9 sur le rythme de nos saisons, pour des propositions culinaires vari\u00e9es et renouvel\u00e9es deux \u00e0 trois fois par semaine.\n\nUne cuisine traditionnelle accompagn\u00e9e d'une belle s\u00e9lection de crus &amp; de d\u00e9couvertes que nous saurons vous conseiller.\n<\/div>\n\t\t\t\t\t<a class=\"thim-btn default readmore\" href=\"http:\/\/www.lareservedesconvives.fr\/index.php\/about-us\/\" target=\"_self\">D\u00e9couvrir<\/a>\n\t\t\t\t<\/div>\n\t\t\t<\/div>\n\t\t<\/div>\n\t<\/div>\n<\/div><\/div><\/div><\/div><\/div><\/div><div id=\"pg-509-3\"  class=\"panel-grid panel-no-style\" ><div id=\"pgc-509-3-0\"  class=\"panel-grid-cell\" ><div id=\"panel-509-3-0-0\" class=\"so-panel widget widget_list-info panel-first-child panel-last-child\" data-index=\"3\" ><div class=\"panel-widget-style panel-widget-style-for-509-3-0-0\" ><div class=\"thim-widget-list-info thim-widget-list-info-base\"><div class=\"thim-list-info\">\n\t<ul class=\"list-info\">\n\t\t<li class=\"info thim-title-color\">HEURES DE SERVICE<\/li><li class=\"info thim-title-color\"><span>DEJEUNER:  DU LUNDI AU DIMANCHE<\/span>  12h00 - 14h00<\/li><li class=\"info thim-title-color\"> <span>DINER : VENDREDI &#38; SAMEDI<\/span>  19h30 - 21h00<\/li><li class=\"info thim-title-color\"><span>FERME MARDI &#38; MERCREDI<\/span><\/li>\t<\/ul>\n<\/div>\n<\/div><\/div><\/div><\/div><\/div><div id=\"pg-509-4\"  class=\"panel-grid panel-no-style\" ><div id=\"pgc-509-4-0\"  class=\"panel-grid-cell\" ><div id=\"panel-509-4-0-0\" class=\"so-panel widget widget_sow-editor panel-first-child panel-last-child\" data-index=\"4\" ><div class=\"panel-widget-style panel-widget-style-for-509-4-0-0\" ><div\n\t\t\t\n\t\t\tclass=\"so-widget-sow-editor so-widget-sow-editor-base\"\n\t\t\t\n\t\t>\n<div class=\"siteorigin-widget-tinymce textwidget\">\n\t<h3 style=\"text-align: center;\">RESERVATION: 02 40 79 86 84<\/h3>\n<\/div>\n<\/div><\/div><\/div><\/div><\/div><div id=\"pg-509-5\"  class=\"panel-grid panel-has-style\" ><div class=\"panel-row-style panel-row-style-for-509-5\" ><div id=\"pgc-509-5-0\"  class=\"panel-grid-cell\" ><div id=\"panel-509-5-0-0\" class=\"so-panel widget widget_menu-list panel-first-child panel-last-child\" data-index=\"5\" ><div class=\"thim-widget-menu-list thim-widget-menu-list-base\"><div class=\"thim-menu-list\">\n\t<div class=\"background\" style=\"background-image: url(&#039;http:\/\/www.lareservedesconvives.fr\/wp-content\/uploads\/2015\/11\/drinks-bg.jpg&#039;)\"><\/div>\n\t<div class=\"wrapper-content-menu\">\n\t\t<div class=\"inner-content\">\n\t\t\t<div class=\"title-box\">\n\t\t\t\t<div class=\"menu-title\">D\u00e9jeuner<\/div>\n\t\t\t\t<div class=\"widget-title\">Menu du Jour<\/div>\n\t\t\t<\/div>\n\t\t\t<ul class=\"menus\"><li class=\"item entree-plat-19e-dejeuner\">Entr\u00e9e, Plat 20\u20ac<\/li><li class=\"item entree-plat-dessert-21e-dejeuner\">Entr\u00e9e, Plat, Dessert 22\u20ac80<\/li><li class=\"item plat-dessert-19e-dejeuner\">Plat, Dessert 20\u20ac<\/li><li class=\"item semaine-uniquement-dejeuner\">Semaine uniquement<\/li><li class=\"item\">...<\/li><\/ul>\t\t\t<a href=\"http:\/\/www.lareservedesconvives.fr\/index.php\/menu-du-jour\/\" class=\"readmore\">D\u00e9couvrir<\/a>\t\t<\/div>\n\t<\/div>\n<\/div><\/div><\/div><\/div><div id=\"pgc-509-5-1\"  class=\"panel-grid-cell\" ><div id=\"panel-509-5-1-0\" class=\"so-panel widget widget_menu-list panel-first-child panel-last-child\" data-index=\"6\" ><div class=\"thim-widget-menu-list thim-widget-menu-list-base\"><div class=\"thim-menu-list\">\n\t<div class=\"background\" style=\"background-image: url(&#039;http:\/\/www.lareservedesconvives.fr\/wp-content\/uploads\/2015\/11\/lunch-bg.jpg&#039;)\"><\/div>\n\t<div class=\"wrapper-content-menu\">\n\t\t<div class=\"inner-content\">\n\t\t\t<div class=\"title-box\">\n\t\t\t\t<div class=\"menu-title\">Week-end<\/div>\n\t\t\t\t<div class=\"widget-title\">Un choix<\/div>\n\t\t\t<\/div>\n\t\t\t<ul class=\"menus\"><li class=\"item a-l-ardoise\">A l'ardoise<\/li><li class=\"item\">...<\/li><\/ul>\t\t\t<a href=\"http:\/\/www.lareservedesconvives.fr\/?page_id=739&#038;preview=true\" class=\"readmore\">D\u00e9couvrir<\/a>\t\t<\/div>\n\t<\/div>\n<\/div><\/div><\/div><\/div><div id=\"pgc-509-5-2\"  class=\"panel-grid-cell\" ><div id=\"panel-509-5-2-0\" class=\"so-panel widget widget_menu-list panel-first-child panel-last-child\" data-index=\"7\" ><div class=\"thim-widget-menu-list thim-widget-menu-list-base\"><div class=\"thim-menu-list\">\n\t<div class=\"background\" style=\"background-image: url(&#039;http:\/\/www.lareservedesconvives.fr\/wp-content\/uploads\/2015\/11\/dinners-bg.jpg&#039;)\"><\/div>\n\t<div class=\"wrapper-content-menu\">\n\t\t<div class=\"inner-content\">\n\t\t\t<div class=\"title-box\">\n\t\t\t\t<div class=\"menu-title\">Nos Vins<\/div>\n\t\t\t\t<div class=\"widget-title\">S\u00e9lection<\/div>\n\t\t\t<\/div>\n\t\t\t<ul class=\"menus\"><li class=\"item bordelais\">Bordelais<\/li><li class=\"item bourgogne\">Bourgogne<\/li><li class=\"item champagne\">Champagne<\/li><li class=\"item languedoc\">Languedoc<\/li><li class=\"item rhone\">Rhone<\/li><li class=\"item rousillon\">Rousillon<\/li><li class=\"item val-de-loire\">Val de Loire<\/li><li class=\"item\">...<\/li><\/ul>\t\t\t\t\t<\/div>\n\t<\/div>\n<\/div><\/div><\/div><\/div><\/div><\/div><div id=\"pg-509-6\"  class=\"panel-grid panel-no-style\" ><div id=\"pgc-509-6-0\"  class=\"panel-grid-cell\" ><div id=\"panel-509-6-0-0\" class=\"so-panel widget widget_events panel-first-child panel-last-child\" data-index=\"8\" ><div class=\"thim-widget-events thim-widget-events-base\">\n\t<div class=\"thim-events\" id=\"thim_69ded52430ae2\">\n\t\t<div class=\"events\" data-auto=\"false\" data-time=\"5\" data-background=\"\" data-border=\"\">\n\t\t\t\t\t<\/div>\n\t\t<script>\n\t\t\tjQuery(document).ready(function () {\n\t\t\t\tvar event_carousel = jQuery(\"#thim_69ded52430ae2 .events\"),\n\t\t\t\t\tauto = event_carousel.attr('data-auto'), time = event_carousel.attr('data-time') * 1000;\n\t\t\t\tif (auto == 'true') {\n\t\t\t\t\tevent_carousel.owlCarousel({\n\t\t\t\t\t\tautoPlay         : time,\n\t\t\t\t\t\titems            : 1,\n\t\t\t\t\t\titemsDesktop     : false,\n\t\t\t\t\t\titemsDesktopSmall: false,\n\t\t\t\t\t\titemsTablet      : false,\n\t\t\t\t\t\titemsMobile      : false\n\t\t\t\t\t});\n\t\t\t\t} else {\n\t\t\t\t\tevent_carousel.owlCarousel({\n\t\t\t\t\t\titems            : 1,\n\t\t\t\t\t\titemsDesktop     : false,\n\t\t\t\t\t\titemsDesktopSmall: false,\n\t\t\t\t\t\titemsTablet      : false,\n\t\t\t\t\t\titemsMobile      : false\n\t\t\t\t\t});\n\t\t\t\t}\n\t\t\t});\n\t\t<\/script>\n\t<\/div>\n\n<\/div><\/div><\/div><\/div><div id=\"pg-509-7\"  class=\"panel-grid panel-no-style\" ><div id=\"pgc-509-7-0\"  class=\"panel-grid-cell panel-grid-cell-empty panel-grid-cell-mobile-last\" ><\/div><div id=\"pgc-509-7-1\"  class=\"panel-grid-cell panel-grid-cell-empty\" ><\/div><\/div><\/div>","protected":false},"excerpt":{"rendered":"\n<p>\nLa R\u00e9serve des Convives <br \/>\n\t\t\t\t\t\t\tUn lieu de convivialit\u00e9 unique <\/p>\n<p>Une cuisine maison <br \/>\n\t\t\t\t\t\t\tfaite de produits ultra frais <\/p>\n<p>Une s\u00e9lection de vins <br \/>\n\t\t\t\t\t\t\tqui promet de belles surprises <\/p>\n<p>\n\t\t\t\t\tsetREVStartSize({c: <\/p>\n","protected":false},"author":1,"featured_media":0,"parent":0,"menu_order":0,"comment_status":"closed","ping_status":"closed","template":"page-templates\/homepage.php","meta":[],"aioseo_notices":[],"_links":{"self":[{"href":"http:\/\/www.lareservedesconvives.fr\/index.php\/wp-json\/wp\/v2\/pages\/509"}],"collection":[{"href":"http:\/\/www.lareservedesconvives.fr\/index.php\/wp-json\/wp\/v2\/pages"}],"about":[{"href":"http:\/\/www.lareservedesconvives.fr\/index.php\/wp-json\/wp\/v2\/types\/page"}],"author":[{"embeddable":true,"href":"http:\/\/www.lareservedesconvives.fr\/index.php\/wp-json\/wp\/v2\/users\/1"}],"replies":[{"embeddable":true,"href":"http:\/\/www.lareservedesconvives.fr\/index.php\/wp-json\/wp\/v2\/comments?post=509"}],"version-history":[{"count":219,"href":"http:\/\/www.lareservedesconvives.fr\/index.php\/wp-json\/wp\/v2\/pages\/509\/revisions"}],"predecessor-version":[{"id":2270,"href":"http:\/\/www.lareservedesconvives.fr\/index.php\/wp-json\/wp\/v2\/pages\/509\/revisions\/2270"}],"wp:attachment":[{"href":"http:\/\/www.lareservedesconvives.fr\/index.php\/wp-json\/wp\/v2\/media?parent=509"}],"curies":[{"name":"wp","href":"https:\/\/api.w.org\/{rel}","templated":true}]}}